{"id":1250,"date":"2023-12-20T13:19:27","date_gmt":"2023-12-20T13:19:27","guid":{"rendered":"https:\/\/dahome.be\/accueil\/"},"modified":"2025-12-10T14:32:53","modified_gmt":"2025-12-10T14:32:53","slug":"accueil","status":"publish","type":"page","link":"https:\/\/dahome.lademo.be\/en\/","title":{"rendered":"What is DaHome?"},"content":{"rendered":"","protected":false},"excerpt":{"rendered":"","protected":false},"author":1,"featured_media":0,"parent":0,"menu_order":0,"comment_status":"closed","ping_status":"closed","template":"","meta":{"_acf_changed":false,"inline_featured_image":false,"footnotes":""},"class_list":["post-1250","page","type-page","status-publish","hentry"],"acf":{"header":{"":null,"image":248,"title":"Welcome to the Family!","text":"","search":false,"settings":{"visible":true,"anchor_name":""}},"sections":[{"acf_fc_layout":"two-ctas-illustration","background_image":null,"items":[{"title":" I want to become a housekeeper.","text":"Every day, DaHome puts 3,500 housekeepers to work.","button":{"title":"Complete the form here","url":"https:\/\/app.dahome.be\/register-form?_gl=1*bfl2ht*_ga*OTY4OTYxODI4LjE3MDU5MjE5NzA.*_ga_BPQ9779BLE*MTcxMDk0NzE1My44NC4xLjE3MTA5NDg4NjAuMC4wLjA.","target":"_blank"},"image":62},{"title":"I'm looking for a housekeeper","text":"Our houskeepers help 25,000 clients every day. Why not you?","button":{"title":"Complete the form here","url":"https:\/\/app.dahome.be\/register-form?type=client&_gl=1*1pmhefc*_ga*OTY4OTYxODI4LjE3MDU5MjE5NzA.*_ga_BPQ9779BLE*MTcxMDk0NzE1My44NC4xLjE3MTA5NDg4MzUuMC4wLjA.","target":"_blank"},"image":104}],"settings":{"visible":true,"anchor_name":"","spacing_top":"medium","spacing_bottom":"medium"}},{"acf_fc_layout":"read-more","left_right":false,"framed":false,"title":"Welcome to DaHome, your Service vouchers partner! \ud83c\udf89","wysiwyg":"With over 20 years of expertise, Daoust took a new step forward in January 2025 by launching DaHome, a company entirely dedicated to Service vouchers.\r\n\r\n&nbsp;\r\n\r\nTrue to our family business culture, \u2018<span class=\"text-primary-500\"><em>Welcome to the Family<\/em><\/span>\u2019 and \u2018<span class=\"text-primary-500\"><em>We Love Solutions<\/em><\/span>\u2019 remain our motto more than ever!\r\n\r\n[[READMORE]]\r\n\r\nThe DaHome experience means :\r\n<ul>\r\n \t<li><span class=\"text-primary-500\"><strong>As a customer<\/strong><\/span>: benefiting from a tailor-made service, designed to meet your needs while guaranteeing quality services.<\/li>\r\n \t<li><span class=\"text-primary-500\"><strong>As a household helper<\/strong><\/span>: having the opportunity to work in a caring environment, valuing your role and supporting you with a dynamic team.<\/li>\r\n<\/ul>\r\n&nbsp;\r\n\r\nJoin us today!","button_more":"Read more","button_less":"Read less","image_wysiwyg":false,"image":null,"video":"https:\/\/www.youtube.com\/watch?v=amBId32sjAA","settings":{"visible":true,"anchor_name":"","heading_tag":"h2","spacing_top":"medium","spacing_bottom":"medium"}},{"acf_fc_layout":"two-ctas-illustration","background_image":null,"items":[{"title":"More info for (future) housekeepers? ","text":"Go to our housekeepers hub","button":{"title":"Click here!","url":"https:\/\/dahome.be\/en\/housekeeper\/","target":"_blank"},"image":711},{"title":"More info for (future) clients? ","text":"Go to our clients hub","button":{"title":"Click here!","url":"https:\/\/dahome.be\/en\/client\/","target":"_blank"},"image":715}],"settings":{"visible":true,"anchor_name":"","spacing_top":"medium","spacing_bottom":"medium"}},{"acf_fc_layout":"read-more","left_right":true,"framed":false,"title":"DaHome, your everyday ally for clean communication!","wysiwyg":"To make your life even easier, we also offer the DaHome.be platform. It's a user-friendly platform you can access anytime, anywhere on your smartphone, tablet, or laptop.\r\n\r\n[[READMORE]]\r\n\r\nAs a home helper, you can:\r\n<ul>\r\n \t<li>Validate your route sheets<\/li>\r\n \t<li>Check your schedule<\/li>\r\n \t<li>Notify your clients and your JobCenter of your absences in just a few clicks<\/li>\r\n \t<li>Quickly contact your JobCenter<\/li>\r\n<\/ul>","button_more":"Read more","button_less":"Read less","image_wysiwyg":false,"image":null,"video":"https:\/\/www.youtube.com\/watch?v=bQ10qqDES-Q","settings":{"visible":true,"anchor_name":"","heading_tag":"h2","spacing_top":"medium","spacing_bottom":"medium"}},{"acf_fc_layout":"read-more","left_right":false,"framed":false,"title":"Safety first: Our safety sheets","wysiwyg":"D\u00e9couvrez\u00a0<strong><a href=\"https:\/\/dahome.be\/safety-am\/\">ici des conseils de s\u00e9curit\u00e9 essentiels<\/a><\/strong>\u00a0pour effectuer votre travail de mani\u00e8re s\u00fbre et efficace. De la manipulation des produits de nettoyage, au levage et au travail en hauteur, nous avons les informations dont vous avez besoin pour minimiser les risques.\r\n\r\n[[READMORE]]\r\n\r\n<strong>Votre s\u00e9curit\u00e9 est notre priorit\u00e9 !<\/strong>\r\n\r\n<strong>Urgence ou signalement de situation(s) dangereuse(e) ?<\/strong>\r\n\r\nEn cas d\u2019urgence ou de signalement de situation(s) dangereuse(s), nous sommes l\u00e0 pour vous aider rapidement et efficacement !\r\n\r\nContactez-nous au\u00a0<strong>02\/887.71.31<\/strong>, m\u00eame si votre JobCenter est ferm\u00e9.\r\n","button_more":"Read more","button_less":"Read less","image_wysiwyg":true,"image":1299,"video":null,"settings":{"visible":true,"anchor_name":"","heading_tag":"h2","spacing_top":"medium","spacing_bottom":"medium"}}],"cta":{"":null,"background_image":32,"title":"","items":[{"has_icon":true,"title":"Need to contact us?","text":"","icon_group":{"icon_type":"light","icon":"headset"},"image":null,"button":{"title":"Our JobCenters","url":"http:\/\/dajobs.be\/en\/contact","target":""}},{"has_icon":true,"title":"Find your ideal job here!","text":"","icon_group":{"icon_type":"light","icon":"thumbs-up"},"image":null,"button":{"title":"Access to DaJobs","url":"https:\/\/app.dahome.be\/login","target":"_blank"}}],"settings":{"visible":true,"anchor_name":"","heading_tag":"h2"}},"settings":{"has_offset":true}},"yoast_head":"<!-- This site is optimized with the Yoast SEO plugin v26.9 - https:\/\/yoast.com\/product\/yoast-seo-wordpress\/ -->\n<title>What is DaHome? - DaHome<\/title>\n<meta name=\"description\" content=\"DaHome est une application simple et accessible pour les aides-m\u00e9nag\u00e8res et les clients titres-services. Vous pouvez l\u2019utiliser partout et \u00e0 tout moment sur votre smartphone, tablette et ordinateur.\" \/>\n<meta name=\"robots\" content=\"noindex, follow, max-snippet:-1, max-image-preview:large, max-video-preview:-1\" \/>\n<meta property=\"og:locale\" content=\"en_US\" \/>\n<meta property=\"og:type\" content=\"article\" \/>\n<meta property=\"og:title\" content=\"What is DaHome? - DaHome\" \/>\n<meta property=\"og:description\" content=\"DaHome est une application simple et accessible pour les aides-m\u00e9nag\u00e8res et les clients titres-services. Vous pouvez l\u2019utiliser partout et \u00e0 tout moment sur votre smartphone, tablette et ordinateur.\" \/>\n<meta property=\"og:url\" content=\"https:\/\/dahome.lademo.be\/en\/\" \/>\n<meta property=\"og:site_name\" content=\"DaHome\" \/>\n<meta property=\"article:modified_time\" content=\"2025-12-10T14:32:53+00:00\" \/>\n<meta name=\"twitter:card\" content=\"summary_large_image\" \/>\n<meta name=\"twitter:label1\" content=\"Est. reading time\" \/>\n\t<meta name=\"twitter:data1\" content=\"4 minutes\" \/>\n<script type=\"application\/ld+json\" class=\"yoast-schema-graph\">{\"@context\":\"https:\/\/schema.org\",\"@graph\":[{\"@type\":\"WebPage\",\"@id\":\"https:\/\/dahome.lademo.be\/en\/\",\"url\":\"https:\/\/dahome.lademo.be\/en\/\",\"name\":\"What is DaHome? - DaHome\",\"isPartOf\":{\"@id\":\"https:\/\/dahome.lademo.be\/en\/#website\"},\"datePublished\":\"2023-12-20T13:19:27+00:00\",\"dateModified\":\"2025-12-10T14:32:53+00:00\",\"description\":\"DaHome est une application simple et accessible pour les aides-m\u00e9nag\u00e8res et les clients titres-services. Vous pouvez l\u2019utiliser partout et \u00e0 tout moment sur votre smartphone, tablette et ordinateur.\",\"breadcrumb\":{\"@id\":\"https:\/\/dahome.lademo.be\/en\/#breadcrumb\"},\"inLanguage\":\"en-US\",\"potentialAction\":[{\"@type\":\"ReadAction\",\"target\":[\"https:\/\/dahome.lademo.be\/en\/\"]}]},{\"@type\":\"BreadcrumbList\",\"@id\":\"https:\/\/dahome.lademo.be\/en\/#breadcrumb\",\"itemListElement\":[{\"@type\":\"ListItem\",\"position\":1,\"name\":\"Home\",\"item\":\"https:\/\/dahome.lademo.be\/en\/\"},{\"@type\":\"ListItem\",\"position\":2,\"name\":\"What is DaHome?\"}]},{\"@type\":\"WebSite\",\"@id\":\"https:\/\/dahome.lademo.be\/en\/#website\",\"url\":\"https:\/\/dahome.lademo.be\/en\/\",\"name\":\"DaHome\",\"description\":\"\",\"potentialAction\":[{\"@type\":\"SearchAction\",\"target\":{\"@type\":\"EntryPoint\",\"urlTemplate\":\"https:\/\/dahome.lademo.be\/en\/?s={search_term_string}\"},\"query-input\":{\"@type\":\"PropertyValueSpecification\",\"valueRequired\":true,\"valueName\":\"search_term_string\"}}],\"inLanguage\":\"en-US\"}]}<\/script>\n<!-- \/ Yoast SEO plugin. -->","yoast_head_json":{"title":"What is DaHome? - DaHome","description":"DaHome est une application simple et accessible pour les aides-m\u00e9nag\u00e8res et les clients titres-services. Vous pouvez l\u2019utiliser partout et \u00e0 tout moment sur votre smartphone, tablette et ordinateur.","robots":{"index":"noindex","follow":"follow","max-snippet":"max-snippet:-1","max-image-preview":"max-image-preview:large","max-video-preview":"max-video-preview:-1"},"og_locale":"en_US","og_type":"article","og_title":"What is DaHome? - DaHome","og_description":"DaHome est une application simple et accessible pour les aides-m\u00e9nag\u00e8res et les clients titres-services. Vous pouvez l\u2019utiliser partout et \u00e0 tout moment sur votre smartphone, tablette et ordinateur.","og_url":"https:\/\/dahome.lademo.be\/en\/","og_site_name":"DaHome","article_modified_time":"2025-12-10T14:32:53+00:00","twitter_card":"summary_large_image","twitter_misc":{"Est. reading time":"4 minutes"},"schema":{"@context":"https:\/\/schema.org","@graph":[{"@type":"WebPage","@id":"https:\/\/dahome.lademo.be\/en\/","url":"https:\/\/dahome.lademo.be\/en\/","name":"What is DaHome? - DaHome","isPartOf":{"@id":"https:\/\/dahome.lademo.be\/en\/#website"},"datePublished":"2023-12-20T13:19:27+00:00","dateModified":"2025-12-10T14:32:53+00:00","description":"DaHome est une application simple et accessible pour les aides-m\u00e9nag\u00e8res et les clients titres-services. Vous pouvez l\u2019utiliser partout et \u00e0 tout moment sur votre smartphone, tablette et ordinateur.","breadcrumb":{"@id":"https:\/\/dahome.lademo.be\/en\/#breadcrumb"},"inLanguage":"en-US","potentialAction":[{"@type":"ReadAction","target":["https:\/\/dahome.lademo.be\/en\/"]}]},{"@type":"BreadcrumbList","@id":"https:\/\/dahome.lademo.be\/en\/#breadcrumb","itemListElement":[{"@type":"ListItem","position":1,"name":"Home","item":"https:\/\/dahome.lademo.be\/en\/"},{"@type":"ListItem","position":2,"name":"What is DaHome?"}]},{"@type":"WebSite","@id":"https:\/\/dahome.lademo.be\/en\/#website","url":"https:\/\/dahome.lademo.be\/en\/","name":"DaHome","description":"","potentialAction":[{"@type":"SearchAction","target":{"@type":"EntryPoint","urlTemplate":"https:\/\/dahome.lademo.be\/en\/?s={search_term_string}"},"query-input":{"@type":"PropertyValueSpecification","valueRequired":true,"valueName":"search_term_string"}}],"inLanguage":"en-US"}]}},"_links":{"self":[{"href":"https:\/\/dahome.lademo.be\/en\/wp-json\/wp\/v2\/pages\/1250","targetHints":{"allow":["GET"]}}],"collection":[{"href":"https:\/\/dahome.lademo.be\/en\/wp-json\/wp\/v2\/pages"}],"about":[{"href":"https:\/\/dahome.lademo.be\/en\/wp-json\/wp\/v2\/types\/page"}],"author":[{"embeddable":true,"href":"https:\/\/dahome.lademo.be\/en\/wp-json\/wp\/v2\/users\/1"}],"replies":[{"embeddable":true,"href":"https:\/\/dahome.lademo.be\/en\/wp-json\/wp\/v2\/comments?post=1250"}],"version-history":[{"count":16,"href":"https:\/\/dahome.lademo.be\/en\/wp-json\/wp\/v2\/pages\/1250\/revisions"}],"predecessor-version":[{"id":4422,"href":"https:\/\/dahome.lademo.be\/en\/wp-json\/wp\/v2\/pages\/1250\/revisions\/4422"}],"wp:attachment":[{"href":"https:\/\/dahome.lademo.be\/en\/wp-json\/wp\/v2\/media?parent=1250"}],"curies":[{"name":"wp","href":"https:\/\/api.w.org\/{rel}","templated":true}]}}