{"id":1107,"date":"2024-01-16T18:05:21","date_gmt":"2024-01-16T18:05:21","guid":{"rendered":"https:\/\/dahome.be\/huishoudhulp\/"},"modified":"2025-12-10T13:28:34","modified_gmt":"2025-12-10T13:28:34","slug":"haushaltshilfe","status":"publish","type":"page","link":"https:\/\/dahome.lademo.be\/de\/haushaltshilfe\/","title":{"rendered":"Beruf (zuk\u00fcnftige) Haushaltshilfe"},"content":{"rendered":"","protected":false},"excerpt":{"rendered":"","protected":false},"author":2,"featured_media":0,"parent":0,"menu_order":0,"comment_status":"closed","ping_status":"closed","template":"","meta":{"_acf_changed":false,"inline_featured_image":false,"footnotes":""},"class_list":["post-1107","page","type-page","status-publish","hentry"],"acf":{"header":{"":null,"image":250,"title":"Willkommen beim Haushaltshilfen Hub!","text":"","search":false,"settings":{"visible":true,"anchor_name":""}},"sections":[{"acf_fc_layout":"two-ctas-illustration","background_image":null,"items":[{"title":"Werde Haush\u00e4lterin","text":"DaHome besch\u00e4ftigt t\u00e4glich 3.500 Haushaltshilfen.","button":{"title":"Melden Sie sich an","url":"https:\/\/app.dahome.be\/register-form","target":"_blank"},"image":63}],"settings":{"visible":true,"anchor_name":"","spacing_top":"medium","spacing_bottom":"medium"}},{"acf_fc_layout":"text-video","left_right":false,"left_right_mobile":false,"align_center":false,"framed":true,"title":"Ihr Leitfaden f\u00fcr beruflichen Erfolg bei DaHome!","wysiwyg_video":"Hier finden Sie alle wesentlichen Informationen, um in Ihrer (zuk\u00fcnftigen) Funktion erfolgreich zu sein. Entdecken, teilen und entwickeln Sie sich in Ihrem Beruf weiter!\r\n\r\nMit 3.500 Kolleginnen und Kollegen spielen Sie eine entscheidende Rolle f\u00fcr 25.000 Kunden von DaHome jedes Jahr.\r\n\r\nDas ist ein Service, auf den wir stolz sein k\u00f6nnen!","button":"","video":"https:\/\/www.youtube.com\/watch?v=KIOUxw8LRBw","settings":{"visible":true,"anchor_name":"","spacing_top":"medium","spacing_bottom":"medium"}},{"acf_fc_layout":"text-image","left_right":true,"left_right_mobile":false,"framed":true,"text_center":false,"wysiwyg":"<h1><span style=\"color: #db2032;\">Ihr Arbeitsvertrag und Ihre Vorteile bei DaHome...<\/span><\/h1>\r\n&nbsp;\r\n\r\nErfahren Sie mehr dazu unten.\r\n\r\n&nbsp;\r\n\r\nWillkommen in der Familie!","button":{"title":"Schlie\u00dfen Sie sich an!","url":"https:\/\/app.dahome.be\/register-form","target":"_blank"},"image_wysiwyg":true,"image":2530,"text":"","settings":{"visible":true,"anchor_name":"","spacing_top":"medium","spacing_bottom":"medium"}},{"acf_fc_layout":"read-more","left_right":false,"framed":true,"title":"DaHome, Ihr t\u00e4glicher Verb\u00fcndeter f\u00fcr eine saubere Kommunikation!","wysiwyg":"Um Ihnen das Leben noch einfacher zu machen, stellen wir Ihnen auch die DaHome.be-Plattform zur Verf\u00fcgung. Es handelt sich um eine einfache Plattform, die Sie \u00fcberall und jederzeit auf Ihrem Smartphone, Tablet oder Laptop nutzen k\u00f6nnen.\r\n\r\n[[READMORE]]\r\n\r\nAls Haushaltshilfe k\u00f6nnen Sie:\r\n\r\nIhre Einsatzpl\u00e4ne best\u00e4tigen\r\nIhren Zeitplan \u00fcberpr\u00fcfen\r\nIhre Abwesenheiten Ihren Kunden und Ihrem JobCenter mit nur wenigen Klicks mitteilen\r\nIhr JobCenter schnell kontaktieren","button_more":"Mehr lesen","button_less":"Lies sie","image_wysiwyg":false,"image":null,"video":"https:\/\/youtu.be\/bQ10qqDES-Q","settings":{"visible":true,"anchor_name":"","heading_tag":"h2","spacing_top":"medium","spacing_bottom":"medium"}},{"acf_fc_layout":"text-image","left_right":true,"left_right_mobile":false,"framed":true,"text_center":false,"wysiwyg":"<h1><span style=\"color: #db2032;\">Gute Nachrichten: Unsere Sponsoring-Aktion ist wieder da!<\/span><\/h1>\r\n&nbsp;\r\n\r\n&nbsp;\r\n\r\nHaben Sie Interesse, 250 \u20ac und noch viel mehr zu gewinnen? Nutzen Sie unsere Sponsoring-Aktion!\r\n\r\n&nbsp;\r\n\r\n&nbsp;","button":{"title":"Mehr Infos!","url":"https:\/\/dahome.be\/de\/sponsoring-aktion\/","target":"_blank"},"image_wysiwyg":true,"image":2047,"text":"","settings":{"visible":true,"anchor_name":"","spacing_top":"medium","spacing_bottom":"medium"}},{"acf_fc_layout":"accordion","items":[{"title":"Wer kann ein\/e Haushaltshilfe werden? ","description":"Wir sind nicht w\u00e4hlerisch: Jeder kann einen Job bei DaHome bekommen. ","text":"Sie m\u00fcssen nicht einmal als Arbeitsuchender registriert sein oder arbeitslos sein.\r\n\r\n&nbsp;\r\n\r\nWir haben geh\u00f6rt, dass Arbeitnehmer, die Arbeitslosengeld, Integrationsgeld oder Sozialhilfe erhalten und einen Arbeitsvertrag f\u00fcr Dienstleistungsschecks haben, unter bestimmten Bedingungen einen Teil ihrer Vorteile behalten k\u00f6nnen. Kontaktieren Sie das n\u00e4chstgelegene DaHome JobCenter f\u00fcr weitere Informationen dazu.\r\n\r\n&nbsp;\r\n\r\nWenn Sie einen Job bei DaHome bekommen, sind Sie nicht nur Teil einer gro\u00dfen Familie, sondern erhalten auch einen echten <strong>Arbeitsvertrag mit allen zus\u00e4tzlichen Leistungen<\/strong>: Essensgutscheine, Jahresendpr\u00e4mie, Reisekosten, bezahlter Urlaub, garantiertes Gehalt im Krankheitsfall, usw.\r\n\r\n&nbsp;\r\n\r\nEs ist wichtig zu wissen, dass Sie je nach Bedarf eine oder mehrere <strong>Haushaltsausbildungen<\/strong> erhalten.\r\n\r\n&nbsp;\r\n\r\nKontaktieren Sie das n\u00e4chstgelegene DaHome JobCenter f\u00fcr weitere Informationen.\r\n\r\n&nbsp;\r\n\r\nUnd weil wir bei DaHome das Lesen lieben, z\u00f6gern Sie nicht, unseren <a href=\"https:\/\/dahome.be\/app\/uploads\/2024\/04\/2024-daoust-brochure-willkommen-hhh-dch-layout-de.pdf\" target=\"_blank\" rel=\"noopener\"><span style=\"text-decoration: underline;\">Willkommens-Flyer<\/span><\/a> zu lesen."},{"title":"Unsere Arbeitsbedingungen ","description":"Wie sehen Ihre Arbeitstage aus? ","text":"<ul>\r\n \t<li>Sie arbeiten bei jedem Kunden f\u00fcr <strong>mindestens 3 Stunden.<\/strong><\/li>\r\n \t<li>Jede geleistete Stunde berechtigt Sie <strong>zu einem Dienstleistungsscheck.<\/strong><\/li>\r\n \t<li>Sie arbeiten <strong>maximal 8 Stunden pro Tag und 38 Stunden pro Woche.<\/strong><\/li>\r\n \t<li>Sie k\u00f6nnen am Samstag arbeiten, <strong>aber nicht am Sonntag<\/strong>.<\/li>\r\n \t<li>Sie d\u00fcrfen an gesetzlichen <strong>Feiertagen nicht arbeiten.<\/strong><\/li>\r\n \t<li><strong>Der Kunde darf nicht<\/strong> <strong>Mitglied Ihrer Familie sein.<\/strong><\/li>\r\n \t<li>Sie d\u00fcrfen <strong>nicht an derselben Adresse wie einer Ihrer Kunden wohnen.<\/strong><\/li>\r\n \t<li>Die Reinigung<strong> darf nur private Wohnungen betreffen.<\/strong><\/li>\r\n \t<li>Sie stehen regelm\u00e4\u00dfig mit <strong>Ihrem JobCenter in Kontakt, um Ihren Stundenplan zu organisieren.<\/strong><\/li>\r\n \t<li><strong>DaHome ist Ihr Arbeitgeber<\/strong>, und jegliche Kommunikation im Zusammenhang mit einer Dienstleistung bei einem Kunden muss daher \u00fcber ihn erfolgen.<\/li>\r\n<\/ul>"},{"title":"Unser Lohnpaket","description":"Was DaHome Ihnen bietet:","text":"<strong>Wenn Sie bei DaHome arbeiten, profitieren Sie von zahlreichen Vorteilen und einem Arbeitsvertrag bei einem anerkannten Arbeitgeber und Pionier in der Branche:<\/strong>\r\n<ul>\r\n \t<li><strong>Ein unbefristeter Vertrag<\/strong>, wenn Sie mindestens 3 Monate Erfahrung in der Branche haben*. Wenn DaHome Ihr erster Arbeitgeber im Bereich der Haushaltshilfe ist, bieten wir Ihnen nach 3 Monaten einen unbefristeten Vertrag an, nachdem Ihre F\u00e4higkeiten als Haushaltshilfe validiert wurden.<\/li>\r\n \t<li><strong>Ein Stundenlohn, der auf Ihrer nachgewiesenen Erfahrung in der Branche basiert.<\/strong><\/li>\r\n \t<li><strong>Ein Monatslohn, Urlaubsgeld und eine Jahresendpr\u00e4mie<\/strong> (Weitere Informationen zum Urlaubsgeld finden Sie <span style=\"text-decoration: underline;\"><a href=\"https:\/\/www.onva-rjv.fgov.be\/de\/urlaubsgeld\/berechnung-des-urlaubsgeldes\" target=\"_blank\" rel=\"noopener\">hier<\/a><\/span>) (und weitere Informationen zur Jahresendpr\u00e4mie finden Sie <span style=\"text-decoration: underline;\"><a href=\"https:\/\/fondstitresservices.be\/les-primes\/prime-de-fin-dannee\" target=\"_blank\" rel=\"noopener\">hier<\/a><\/span>).<\/li>\r\n \t<li><strong>Bezahlter Urlaub<\/strong>, der auf der Grundlage Ihrer Leistungen im Vorjahr berechnet wird und auf maximal 4 Wochen pro Jahr pro Vollzeit\u00e4quivalent begrenzt ist.<\/li>\r\n \t<li><strong>Essensgutscheine im Wert von 4,00 \u20ac pro Arbeitstag<\/strong> (siehe Bedingungen in Ihrem Vertragsanhang)<\/li>\r\n \t<li><strong>Erstattung Ihrer Reisekosten und eine Verg\u00fctung f\u00fcr die Reisezeit<\/strong>, wenn Sie an einem Tag f\u00fcr zwei verschiedene Kunden arbeiten, gem\u00e4\u00df den geltenden branchenspezifischen Bestimmungen (Parit\u00e4tische Kommission 322.01)<\/li>\r\n \t<li><strong>Arbeitskleidung<\/strong> (Sch\u00fcrze und Schuhe) <strong>und eine Reinigungspr\u00e4mie<\/strong> f\u00fcr die Arbeitskleidung<\/li>\r\n \t<li><strong>Fortlaufende berufliche Weiterbildung<\/strong> zur Entwicklung Ihrer F\u00e4higkeiten und zur Einarbeitung in den Beruf der Haushaltshilfe<\/li>\r\n \t<li><strong>Versicherung gegen Arbeitsunf\u00e4lle<\/strong><\/li>\r\n \t<li><strong>Zahlreiche Geschenke<\/strong> w\u00e4hrend Ihrer gesamten Karriere bei DaHome: <strong>Jubil\u00e4umsgeschenke<\/strong>, Verg\u00fcnstigungen in vielen Gesch\u00e4ften <strong>bis zu 40 %<\/strong> <strong>Rabatt<\/strong>, usw.<\/li>\r\n \t<li><strong>Ab 2023<\/strong> die M\u00f6glichkeit, <strong>an einer Werbeaktion teilzunehmen<\/strong>, die Ihnen <strong>eine Bruttopr\u00e4mie von 250,00 \u20ac pro geworbene Haushaltshilfe und 100,00 \u20ac pro geworbenem Kunden einbringen kann<\/strong><\/li>\r\n \t<li><strong>Eine flexible Arbeitszeitregelung und ein Job in der N\u00e4he Ihres Wohnorts<\/strong>: Unsere Berater stehen Ihnen zur Verf\u00fcgung, um dies zu besprechen und die bestm\u00f6gliche L\u00f6sung zu finden.<\/li>\r\n \t<li><strong>Ein Job in einem starken Unternehmen mit einer starken Unternehmenskultur: Welcome to the Family!<\/strong><\/li>\r\n<\/ul>\r\n<em>*DaHome AG beh\u00e4lt sich das Recht vor, jeden Fall individuell zu analysieren.\"<\/em>"},{"title":"N\u00fctzliche Sicherheitsinformationen!","description":"Unsere Sicherheitsdatenbl\u00e4tter","text":"Entdecken Sie <a href=\"https:\/\/dahome.be\/de\/safety-haushaltshilfe\/\" target=\"_blank\" rel=\"noopener\"><span style=\"text-decoration: underline;\">hier<\/span> <\/a>alle unsere Sicherheitstipps, um Ihre Arbeit sicher und effizient auszuf\u00fchren. Denn Ihre Sicherheit steht an erster Stelle."},{"title":"Benefits at Work!","description":"Exklusive Rabatte ","text":"Dank unserer Partnerschaft mit <strong>Benefits at Work<\/strong> k\u00f6nnen Sie exklusive Rabatte von bis zu 40 % bei \u00fcber 400 Partnern erhalten. <strong>Elektronik, Kleidung, Ausfl\u00fcge... f\u00fcr jeden Geschmack ist etwas dabei!<\/strong>\r\n\r\n&nbsp;\r\n\r\n<span style=\"text-decoration: underline;\"><a href=\"https:\/\/dahome.be\/de\/benefits\/\">Registrieren Sie sich jetzt!<\/a><\/span>"}],"settings":{"visible":true,"anchor_name":"","spacing_top":"medium","spacing_bottom":"medium"}}],"cta":{"":null,"background_image":33,"title":"","items":[{"has_icon":false,"title":"Entdecke unsere Tutorials auf DaHome.be","text":"Legen Sie ganz einfach los auf DaHome.be","icon_group":{"icon_type":"solid","icon":"0"},"image":629,"button":{"title":"Hier entlang!","url":"https:\/\/dahome.be\/de\/tutorial-kunde\/","target":""}},{"has_icon":false,"title":"Jetzt DaHome beitreten","text":"Erstellen Sie Ihr Konto mit nur wenigen Klicks.","icon_group":{"icon_type":"solid","icon":"0"},"image":829,"button":{"title":"Hier entlang!","url":"https:\/\/app.dahome.be\/register","target":"_blank"}}],"settings":{"visible":true,"anchor_name":"","heading_tag":"h2"}},"settings":{"has_offset":true}},"yoast_head":"<!-- This site is optimized with the Yoast SEO plugin v26.9 - https:\/\/yoast.com\/product\/yoast-seo-wordpress\/ -->\n<title>Beruf (zuk\u00fcnftige) Haushaltshilfe - DaHome<\/title>\n<meta name=\"robots\" content=\"noindex, follow, max-snippet:-1, max-image-preview:large, max-video-preview:-1\" \/>\n<meta property=\"og:locale\" content=\"de_DE\" \/>\n<meta property=\"og:type\" content=\"article\" \/>\n<meta property=\"og:title\" content=\"Beruf (zuk\u00fcnftige) Haushaltshilfe - DaHome\" \/>\n<meta property=\"og:url\" content=\"https:\/\/dahome.lademo.be\/de\/haushaltshilfe\/\" \/>\n<meta property=\"og:site_name\" content=\"DaHome\" \/>\n<meta property=\"article:modified_time\" content=\"2025-12-10T13:28:34+00:00\" \/>\n<meta name=\"twitter:card\" content=\"summary_large_image\" \/>\n<meta name=\"twitter:label1\" content=\"Est. reading time\" \/>\n\t<meta name=\"twitter:data1\" content=\"6 minutes\" \/>\n<script type=\"application\/ld+json\" class=\"yoast-schema-graph\">{\"@context\":\"https:\/\/schema.org\",\"@graph\":[{\"@type\":\"WebPage\",\"@id\":\"https:\/\/dahome.lademo.be\/de\/haushaltshilfe\/\",\"url\":\"https:\/\/dahome.lademo.be\/de\/haushaltshilfe\/\",\"name\":\"Beruf (zuk\u00fcnftige) Haushaltshilfe - DaHome\",\"isPartOf\":{\"@id\":\"https:\/\/dahome.lademo.be\/de\/#website\"},\"datePublished\":\"2024-01-16T18:05:21+00:00\",\"dateModified\":\"2025-12-10T13:28:34+00:00\",\"breadcrumb\":{\"@id\":\"https:\/\/dahome.lademo.be\/de\/haushaltshilfe\/#breadcrumb\"},\"inLanguage\":\"de-DE\",\"potentialAction\":[{\"@type\":\"ReadAction\",\"target\":[\"https:\/\/dahome.lademo.be\/de\/haushaltshilfe\/\"]}]},{\"@type\":\"BreadcrumbList\",\"@id\":\"https:\/\/dahome.lademo.be\/de\/haushaltshilfe\/#breadcrumb\",\"itemListElement\":[{\"@type\":\"ListItem\",\"position\":1,\"name\":\"Home\",\"item\":\"https:\/\/dahome.lademo.be\/de\/\"},{\"@type\":\"ListItem\",\"position\":2,\"name\":\"Beruf (zuk\u00fcnftige) Haushaltshilfe\"}]},{\"@type\":\"WebSite\",\"@id\":\"https:\/\/dahome.lademo.be\/de\/#website\",\"url\":\"https:\/\/dahome.lademo.be\/de\/\",\"name\":\"DaHome\",\"description\":\"\",\"potentialAction\":[{\"@type\":\"SearchAction\",\"target\":{\"@type\":\"EntryPoint\",\"urlTemplate\":\"https:\/\/dahome.lademo.be\/de\/?s={search_term_string}\"},\"query-input\":{\"@type\":\"PropertyValueSpecification\",\"valueRequired\":true,\"valueName\":\"search_term_string\"}}],\"inLanguage\":\"de-DE\"}]}<\/script>\n<!-- \/ Yoast SEO plugin. -->","yoast_head_json":{"title":"Beruf (zuk\u00fcnftige) Haushaltshilfe - DaHome","robots":{"index":"noindex","follow":"follow","max-snippet":"max-snippet:-1","max-image-preview":"max-image-preview:large","max-video-preview":"max-video-preview:-1"},"og_locale":"de_DE","og_type":"article","og_title":"Beruf (zuk\u00fcnftige) Haushaltshilfe - DaHome","og_url":"https:\/\/dahome.lademo.be\/de\/haushaltshilfe\/","og_site_name":"DaHome","article_modified_time":"2025-12-10T13:28:34+00:00","twitter_card":"summary_large_image","twitter_misc":{"Est. reading time":"6 minutes"},"schema":{"@context":"https:\/\/schema.org","@graph":[{"@type":"WebPage","@id":"https:\/\/dahome.lademo.be\/de\/haushaltshilfe\/","url":"https:\/\/dahome.lademo.be\/de\/haushaltshilfe\/","name":"Beruf (zuk\u00fcnftige) Haushaltshilfe - DaHome","isPartOf":{"@id":"https:\/\/dahome.lademo.be\/de\/#website"},"datePublished":"2024-01-16T18:05:21+00:00","dateModified":"2025-12-10T13:28:34+00:00","breadcrumb":{"@id":"https:\/\/dahome.lademo.be\/de\/haushaltshilfe\/#breadcrumb"},"inLanguage":"de-DE","potentialAction":[{"@type":"ReadAction","target":["https:\/\/dahome.lademo.be\/de\/haushaltshilfe\/"]}]},{"@type":"BreadcrumbList","@id":"https:\/\/dahome.lademo.be\/de\/haushaltshilfe\/#breadcrumb","itemListElement":[{"@type":"ListItem","position":1,"name":"Home","item":"https:\/\/dahome.lademo.be\/de\/"},{"@type":"ListItem","position":2,"name":"Beruf (zuk\u00fcnftige) Haushaltshilfe"}]},{"@type":"WebSite","@id":"https:\/\/dahome.lademo.be\/de\/#website","url":"https:\/\/dahome.lademo.be\/de\/","name":"DaHome","description":"","potentialAction":[{"@type":"SearchAction","target":{"@type":"EntryPoint","urlTemplate":"https:\/\/dahome.lademo.be\/de\/?s={search_term_string}"},"query-input":{"@type":"PropertyValueSpecification","valueRequired":true,"valueName":"search_term_string"}}],"inLanguage":"de-DE"}]}},"_links":{"self":[{"href":"https:\/\/dahome.lademo.be\/de\/wp-json\/wp\/v2\/pages\/1107","targetHints":{"allow":["GET"]}}],"collection":[{"href":"https:\/\/dahome.lademo.be\/de\/wp-json\/wp\/v2\/pages"}],"about":[{"href":"https:\/\/dahome.lademo.be\/de\/wp-json\/wp\/v2\/types\/page"}],"author":[{"embeddable":true,"href":"https:\/\/dahome.lademo.be\/de\/wp-json\/wp\/v2\/users\/2"}],"replies":[{"embeddable":true,"href":"https:\/\/dahome.lademo.be\/de\/wp-json\/wp\/v2\/comments?post=1107"}],"version-history":[{"count":25,"href":"https:\/\/dahome.lademo.be\/de\/wp-json\/wp\/v2\/pages\/1107\/revisions"}],"predecessor-version":[{"id":4421,"href":"https:\/\/dahome.lademo.be\/de\/wp-json\/wp\/v2\/pages\/1107\/revisions\/4421"}],"wp:attachment":[{"href":"https:\/\/dahome.lademo.be\/de\/wp-json\/wp\/v2\/media?parent=1107"}],"curies":[{"name":"wp","href":"https:\/\/api.w.org\/{rel}","templated":true}]}}