{"id":1058,"date":"2023-12-20T13:19:27","date_gmt":"2023-12-20T13:19:27","guid":{"rendered":"https:\/\/dahome.be\/accueil\/"},"modified":"2025-12-03T16:23:19","modified_gmt":"2025-12-03T16:23:19","slug":"accueil","status":"publish","type":"page","link":"https:\/\/dahome.lademo.be\/de\/","title":{"rendered":"DaHome, Was ist das?"},"content":{"rendered":"","protected":false},"excerpt":{"rendered":"","protected":false},"author":1,"featured_media":0,"parent":0,"menu_order":0,"comment_status":"closed","ping_status":"closed","template":"","meta":{"_acf_changed":false,"inline_featured_image":false,"footnotes":""},"class_list":["post-1058","page","type-page","status-publish","hentry"],"acf":{"header":{"":null,"image":250,"title":"Welcome to the Family!","text":"","search":false,"settings":{"visible":true,"anchor_name":""}},"sections":[{"acf_fc_layout":"two-ctas-illustration","background_image":null,"items":[{"title":"Ich m\u00f6chte eine Haushaltshilfe werden","text":"DaHome besch\u00e4ftigt jeden Tag 3.500 Haushaltshilfen.","button":{"title":"Formular ausf\u00fcllen.","url":"https:\/\/app.dahome.be\/register-form","target":"_blank"},"image":63},{"title":"Ich suche eine Haushaltshilfe","text":"Unsere Haushaltshilfen helfen t\u00e4glich 25.000 Kunden Und warum nicht auch Ihnen? ","button":{"title":"Formular ausf\u00fcllen.","url":"https:\/\/app.dahome.be\/register-form?type=client","target":"_blank"},"image":105}],"settings":{"visible":true,"anchor_name":"","spacing_top":"medium","spacing_bottom":"medium"}},{"acf_fc_layout":"read-more","left_right":false,"framed":false,"title":"Willkommen bei DaHome, Ihrem Partner f\u00fcr Dienstleistungsschecks! \ud83c\udf89","wysiwyg":"Mit seiner \u00fcber 20-j\u00e4hrigen Erfahrung hat Daoust im Januar 2025 einen neuen Meilenstein erreicht und DaHome ins Leben gerufen, ein Unternehmen, das sich vollst\u00e4ndig auf Dienstleistungsschecks spezialisiert hat.\r\n\r\n&nbsp;\r\n\r\nGetreu unserer Kultur als Familienunternehmen bleiben \u201e<span class=\"text-primary-500\"><em>Welcome to the Family<\/em><\/span>\u201c und \u201e<span class=\"text-primary-500\"><em>We Love Solutions<\/em><\/span>\u201c mehr denn je unser Leitmotiv!\r\n\r\n[[READMORE]]\r\n\r\nDie DaHome-Erfahrung zu erleben bedeutet :\r\n<ul>\r\n \t<li><span class=\"text-primary-500\"><strong>Als Kunde<\/strong><\/span>: von einem ma\u00dfgeschneiderten Service zu profitieren, der auf Ihre Bed\u00fcrfnisse zugeschnitten ist und gleichzeitig qualitativ hochwertige Leistungen garantiert.<\/li>\r\n \t<li><span class=\"text-primary-500\"><strong>Als Haushaltshilfe<\/strong><\/span>: Die M\u00f6glichkeit, in einem wohlwollenden Umfeld zu arbeiten, das Ihre Rolle wertsch\u00e4tzt und Sie durch ein dynamisches Team unterst\u00fctzt.<\/li>\r\n<\/ul>\r\nBewerben Sie sich noch heute bei uns!","button_more":"Mehr lesen","button_less":"Weniger lesen","image_wysiwyg":false,"image":null,"video":"https:\/\/www.youtube.com\/watch?v=amBId32sjAA","settings":{"visible":true,"anchor_name":"","heading_tag":"h2","spacing_top":"medium","spacing_bottom":"medium"}},{"acf_fc_layout":"two-ctas-illustration","background_image":null,"items":[{"title":"Mehr Informationen f\u00fcr (zuk\u00fcnftige) Haushaltshilfen? ","text":"Besuchen Sie unseren Bereich f\u00fcr Haushaltshilfen. ","button":{"title":"Hier entlang!","url":"https:\/\/dahome.be\/de\/haushaltshilfe\/","target":"_blank"},"image":713},{"title":"Mehr Informationen f\u00fcr (zuk\u00fcnftige) Kunden? ","text":"Besuchen Sie unseren Kundenbereich. ","button":{"title":"Hier entlang!","url":"https:\/\/dahome.be\/de\/kunde\/","target":"_blank"},"image":717}],"settings":{"visible":true,"anchor_name":"","spacing_top":"medium","spacing_bottom":"medium"}},{"acf_fc_layout":"read-more","left_right":false,"framed":true,"title":"DaHome \u2013 Ihr t\u00e4glicher Partner f\u00fcr reibungslose Kommunikation!","wysiwyg":"Um Ihnen das Leben noch einfacher zu machen, bieten wir Ihnen au\u00dferdem die Plattform DaHome.be an. Diese benutzerfreundliche Plattform k\u00f6nnen Sie jederzeit und \u00fcberall auf Ihrem Smartphone, Tablet oder Laptop nutzen.\r\n\r\n[[READMORE]]\r\n\r\nAls Haushaltshilfe k\u00f6nnen Sie:\r\n<ul>\r\n \t<li>Ihre Tourenpl\u00e4ne \u00fcberpr\u00fcfen<\/li>\r\n \t<li>Ihren Dienstplan einsehen<\/li>\r\n \t<li>Ihre Kunden und Ihr Jobcenter mit wenigen Klicks \u00fcber Ihre Abwesenheiten informieren<\/li>\r\n \t<li>Ihr Jobcenter schnell kontaktieren<\/li>\r\n<\/ul>","button_more":"Mehr lesen","button_less":"Weniger lesen","image_wysiwyg":false,"image":null,"video":"https:\/\/www.youtube.com\/watch?v=bQ10qqDES-Q","settings":{"visible":true,"anchor_name":"","heading_tag":"h2","spacing_top":"medium","spacing_bottom":"medium"}},{"acf_fc_layout":"read-more","left_right":true,"framed":true,"title":"La s\u00e9curit\u00e9 avant tout: Keine Sicherheitsdatenbl\u00e4tter","wysiwyg":"Informieren Sie sich hier \u00fcber die wesentlichen Sicherheitshinweise, damit Ihre Arbeit sicher und wirksam ist. Aufgrund der Manipulation von Reinstprodukten, deren Ausbeutung und der Arbeit in gro\u00dfer H\u00f6he m\u00fcssen Sie nicht unbedingt die Informationen einholen, um die Risiken zu minimieren.\r\n\r\n[[READMORE]]\r\n\r\nIhre Sicherheit hat oberste Priorit\u00e4t!\r\n\r\nDringlichkeit oder Signal einer gef\u00e4hrlichen Situation?\r\n\r\nIm Falle der Dringlichkeit oder des Signals einer gef\u00e4hrlichen Situation(en) helfen wir Ihnen schnell und wirksam!\r\n\r\nKontaktieren Sie uns unter 02\/887.71.31, wenn Ihr JobCenter verf\u00fcgbar ist.","button_more":"Mehr lesen","button_less":"Weniger lesen","image_wysiwyg":true,"image":1301,"video":null,"settings":{"visible":true,"anchor_name":"","heading_tag":"h2","spacing_top":"medium","spacing_bottom":"medium"}}],"cta":{"":null,"background_image":33,"title":"","items":[{"has_icon":true,"title":"Sie m\u00f6chten uns kontaktieren?","text":"","icon_group":{"icon_type":"light","icon":"headset"},"image":null,"button":{"title":"Finden Sie hier Ihren Traumjob!","url":"Finden Sie hier Ihren Traumjob!","target":"_blank"}},{"has_icon":true,"title":"Finden Sie hier Ihren Traumjob!","text":"","icon_group":{"icon_type":"light","icon":"thumbs-up"},"image":null,"button":{"title":"Unsere Jobcenter","url":"https:\/\/dajobs.be\/job-offers\/search","target":"_blank"}}],"settings":{"visible":true,"anchor_name":"","heading_tag":"h2"}},"settings":{"has_offset":true}},"yoast_head":"<!-- This site is optimized with the Yoast SEO plugin v26.9 - https:\/\/yoast.com\/product\/yoast-seo-wordpress\/ -->\n<title>DaHome, Was ist das? - DaHome<\/title>\n<meta name=\"description\" content=\"DaHome ist eine einfache und benutzerfreundliche App f\u00fcr Haushaltshilfen und Kunden von Dienstleistungsschecks. Sie k\u00f6nnen sie \u00fcberall und jederzeit auf Ihrem Smartphone, Tablet und Computer verwenden.\" \/>\n<meta name=\"robots\" content=\"noindex, follow, max-snippet:-1, max-image-preview:large, max-video-preview:-1\" \/>\n<meta property=\"og:locale\" content=\"de_DE\" \/>\n<meta property=\"og:type\" content=\"article\" \/>\n<meta property=\"og:title\" content=\"DaHome, Was ist das? - DaHome\" \/>\n<meta property=\"og:description\" content=\"DaHome ist eine einfache und benutzerfreundliche App f\u00fcr Haushaltshilfen und Kunden von Dienstleistungsschecks. Sie k\u00f6nnen sie \u00fcberall und jederzeit auf Ihrem Smartphone, Tablet und Computer verwenden.\" \/>\n<meta property=\"og:url\" content=\"https:\/\/dahome.lademo.be\/de\/\" \/>\n<meta property=\"og:site_name\" content=\"DaHome\" \/>\n<meta property=\"article:modified_time\" content=\"2025-12-03T16:23:19+00:00\" \/>\n<meta name=\"twitter:card\" content=\"summary_large_image\" \/>\n<meta name=\"twitter:label1\" content=\"Est. reading time\" \/>\n\t<meta name=\"twitter:data1\" content=\"3 minutes\" \/>\n<script type=\"application\/ld+json\" class=\"yoast-schema-graph\">{\"@context\":\"https:\/\/schema.org\",\"@graph\":[{\"@type\":\"WebPage\",\"@id\":\"https:\/\/dahome.lademo.be\/de\/\",\"url\":\"https:\/\/dahome.lademo.be\/de\/\",\"name\":\"DaHome, Was ist das? - DaHome\",\"isPartOf\":{\"@id\":\"https:\/\/dahome.lademo.be\/de\/#website\"},\"datePublished\":\"2023-12-20T13:19:27+00:00\",\"dateModified\":\"2025-12-03T16:23:19+00:00\",\"description\":\"DaHome ist eine einfache und benutzerfreundliche App f\u00fcr Haushaltshilfen und Kunden von Dienstleistungsschecks. Sie k\u00f6nnen sie \u00fcberall und jederzeit auf Ihrem Smartphone, Tablet und Computer verwenden.\",\"breadcrumb\":{\"@id\":\"https:\/\/dahome.lademo.be\/de\/#breadcrumb\"},\"inLanguage\":\"de-DE\",\"potentialAction\":[{\"@type\":\"ReadAction\",\"target\":[\"https:\/\/dahome.lademo.be\/de\/\"]}]},{\"@type\":\"BreadcrumbList\",\"@id\":\"https:\/\/dahome.lademo.be\/de\/#breadcrumb\",\"itemListElement\":[{\"@type\":\"ListItem\",\"position\":1,\"name\":\"Home\",\"item\":\"https:\/\/dahome.lademo.be\/de\/\"},{\"@type\":\"ListItem\",\"position\":2,\"name\":\"DaHome, Was ist das?\"}]},{\"@type\":\"WebSite\",\"@id\":\"https:\/\/dahome.lademo.be\/de\/#website\",\"url\":\"https:\/\/dahome.lademo.be\/de\/\",\"name\":\"DaHome\",\"description\":\"\",\"potentialAction\":[{\"@type\":\"SearchAction\",\"target\":{\"@type\":\"EntryPoint\",\"urlTemplate\":\"https:\/\/dahome.lademo.be\/de\/?s={search_term_string}\"},\"query-input\":{\"@type\":\"PropertyValueSpecification\",\"valueRequired\":true,\"valueName\":\"search_term_string\"}}],\"inLanguage\":\"de-DE\"}]}<\/script>\n<!-- \/ Yoast SEO plugin. -->","yoast_head_json":{"title":"DaHome, Was ist das? - DaHome","description":"DaHome ist eine einfache und benutzerfreundliche App f\u00fcr Haushaltshilfen und Kunden von Dienstleistungsschecks. Sie k\u00f6nnen sie \u00fcberall und jederzeit auf Ihrem Smartphone, Tablet und Computer verwenden.","robots":{"index":"noindex","follow":"follow","max-snippet":"max-snippet:-1","max-image-preview":"max-image-preview:large","max-video-preview":"max-video-preview:-1"},"og_locale":"de_DE","og_type":"article","og_title":"DaHome, Was ist das? - DaHome","og_description":"DaHome ist eine einfache und benutzerfreundliche App f\u00fcr Haushaltshilfen und Kunden von Dienstleistungsschecks. Sie k\u00f6nnen sie \u00fcberall und jederzeit auf Ihrem Smartphone, Tablet und Computer verwenden.","og_url":"https:\/\/dahome.lademo.be\/de\/","og_site_name":"DaHome","article_modified_time":"2025-12-03T16:23:19+00:00","twitter_card":"summary_large_image","twitter_misc":{"Est. reading time":"3 minutes"},"schema":{"@context":"https:\/\/schema.org","@graph":[{"@type":"WebPage","@id":"https:\/\/dahome.lademo.be\/de\/","url":"https:\/\/dahome.lademo.be\/de\/","name":"DaHome, Was ist das? - DaHome","isPartOf":{"@id":"https:\/\/dahome.lademo.be\/de\/#website"},"datePublished":"2023-12-20T13:19:27+00:00","dateModified":"2025-12-03T16:23:19+00:00","description":"DaHome ist eine einfache und benutzerfreundliche App f\u00fcr Haushaltshilfen und Kunden von Dienstleistungsschecks. Sie k\u00f6nnen sie \u00fcberall und jederzeit auf Ihrem Smartphone, Tablet und Computer verwenden.","breadcrumb":{"@id":"https:\/\/dahome.lademo.be\/de\/#breadcrumb"},"inLanguage":"de-DE","potentialAction":[{"@type":"ReadAction","target":["https:\/\/dahome.lademo.be\/de\/"]}]},{"@type":"BreadcrumbList","@id":"https:\/\/dahome.lademo.be\/de\/#breadcrumb","itemListElement":[{"@type":"ListItem","position":1,"name":"Home","item":"https:\/\/dahome.lademo.be\/de\/"},{"@type":"ListItem","position":2,"name":"DaHome, Was ist das?"}]},{"@type":"WebSite","@id":"https:\/\/dahome.lademo.be\/de\/#website","url":"https:\/\/dahome.lademo.be\/de\/","name":"DaHome","description":"","potentialAction":[{"@type":"SearchAction","target":{"@type":"EntryPoint","urlTemplate":"https:\/\/dahome.lademo.be\/de\/?s={search_term_string}"},"query-input":{"@type":"PropertyValueSpecification","valueRequired":true,"valueName":"search_term_string"}}],"inLanguage":"de-DE"}]}},"_links":{"self":[{"href":"https:\/\/dahome.lademo.be\/de\/wp-json\/wp\/v2\/pages\/1058","targetHints":{"allow":["GET"]}}],"collection":[{"href":"https:\/\/dahome.lademo.be\/de\/wp-json\/wp\/v2\/pages"}],"about":[{"href":"https:\/\/dahome.lademo.be\/de\/wp-json\/wp\/v2\/types\/page"}],"author":[{"embeddable":true,"href":"https:\/\/dahome.lademo.be\/de\/wp-json\/wp\/v2\/users\/1"}],"replies":[{"embeddable":true,"href":"https:\/\/dahome.lademo.be\/de\/wp-json\/wp\/v2\/comments?post=1058"}],"version-history":[{"count":18,"href":"https:\/\/dahome.lademo.be\/de\/wp-json\/wp\/v2\/pages\/1058\/revisions"}],"predecessor-version":[{"id":4369,"href":"https:\/\/dahome.lademo.be\/de\/wp-json\/wp\/v2\/pages\/1058\/revisions\/4369"}],"wp:attachment":[{"href":"https:\/\/dahome.lademo.be\/de\/wp-json\/wp\/v2\/media?parent=1058"}],"curies":[{"name":"wp","href":"https:\/\/api.w.org\/{rel}","templated":true}]}}